{"id":6826,"date":"2026-03-17T14:26:55","date_gmt":"2026-03-17T08:56:55","guid":{"rendered":"https:\/\/www.ledxtechnology.com\/?page_id=6826"},"modified":"2026-03-23T12:41:31","modified_gmt":"2026-03-23T07:11:31","slug":"press-releases","status":"publish","type":"page","link":"https:\/\/www.ledxtechnology.com\/es\/press-releases\/","title":{"rendered":"Press Releases"},"content":{"rendered":"<div data-elementor-type=\"wp-page\" data-elementor-id=\"6826\" class=\"elementor elementor-6826\" data-elementor-settings=\"{&quot;element_pack_global_tooltip_width&quot;:{&quot;unit&quot;:&quot;px&quot;,&quot;size&quot;:&quot;&quot;,&quot;sizes&quot;:[]},&quot;element_pack_global_tooltip_width_laptop&quot;:{&quot;unit&quot;:&quot;px&quot;,&quot;size&quot;:&quot;&quot;,&quot;sizes&quot;:[]},&quot;element_pack_global_tooltip_width_tablet&quot;:{&quot;unit&quot;:&quot;px&quot;,&quot;size&quot;:&quot;&quot;,&quot;sizes&quot;:[]},&quot;element_pack_global_tooltip_width_mobile&quot;:{&quot;unit&quot;:&quot;px&quot;,&quot;size&quot;:&quot;&quot;,&quot;sizes&quot;:[]},&quot;element_pack_global_tooltip_padding&quot;:{&quot;unit&quot;:&quot;px&quot;,&quot;top&quot;:&quot;&quot;,&quot;right&quot;:&quot;&quot;,&quot;bottom&quot;:&quot;&quot;,&quot;left&quot;:&quot;&quot;,&quot;isLinked&quot;:true},&quot;element_pack_global_tooltip_padding_laptop&quot;:{&quot;unit&quot;:&quot;px&quot;,&quot;top&quot;:&quot;&quot;,&quot;right&quot;:&quot;&quot;,&quot;bottom&quot;:&quot;&quot;,&quot;left&quot;:&quot;&quot;,&quot;isLinked&quot;:true},&quot;element_pack_global_tooltip_padding_tablet&quot;:{&quot;unit&quot;:&quot;px&quot;,&quot;top&quot;:&quot;&quot;,&quot;right&quot;:&quot;&quot;,&quot;bottom&quot;:&quot;&quot;,&quot;left&quot;:&quot;&quot;,&quot;isLinked&quot;:true},&quot;element_pack_global_tooltip_padding_mobile&quot;:{&quot;unit&quot;:&quot;px&quot;,&quot;top&quot;:&quot;&quot;,&quot;right&quot;:&quot;&quot;,&quot;bottom&quot;:&quot;&quot;,&quot;left&quot;:&quot;&quot;,&quot;isLinked&quot;:true},&quot;element_pack_global_tooltip_border_radius&quot;:{&quot;unit&quot;:&quot;px&quot;,&quot;top&quot;:&quot;&quot;,&quot;right&quot;:&quot;&quot;,&quot;bottom&quot;:&quot;&quot;,&quot;left&quot;:&quot;&quot;,&quot;isLinked&quot;:true},&quot;element_pack_global_tooltip_border_radius_laptop&quot;:{&quot;unit&quot;:&quot;px&quot;,&quot;top&quot;:&quot;&quot;,&quot;right&quot;:&quot;&quot;,&quot;bottom&quot;:&quot;&quot;,&quot;left&quot;:&quot;&quot;,&quot;isLinked&quot;:true},&quot;element_pack_global_tooltip_border_radius_tablet&quot;:{&quot;unit&quot;:&quot;px&quot;,&quot;top&quot;:&quot;&quot;,&quot;right&quot;:&quot;&quot;,&quot;bottom&quot;:&quot;&quot;,&quot;left&quot;:&quot;&quot;,&quot;isLinked&quot;:true},&quot;element_pack_global_tooltip_border_radius_mobile&quot;:{&quot;unit&quot;:&quot;px&quot;,&quot;top&quot;:&quot;&quot;,&quot;right&quot;:&quot;&quot;,&quot;bottom&quot;:&quot;&quot;,&quot;left&quot;:&quot;&quot;,&quot;isLinked&quot;:true}}\" data-elementor-post-type=\"page\">\n\t\t\t\t<div class=\"elementor-element elementor-element-9febfd6 e-con-full e-flex e-con e-parent\" data-id=\"9febfd6\" data-element_type=\"container\">\n\t\t\t\t<div class=\"elementor-element elementor-element-b8f8b12 elementor-invisible elementor-widget elementor-widget-heading\" data-id=\"b8f8b12\" data-element_type=\"widget\" data-settings=\"{&quot;_animation&quot;:&quot;fadeInUp&quot;}\" data-widget_type=\"heading.default\">\n\t\t\t\t<div class=\"elementor-widget-container\">\n\t\t\t\t\t<h1 class=\"elementor-heading-title elementor-size-default\">Prensa y medios <\/h1>\t\t\t\t<\/div>\n\t\t\t\t<\/div>\n\t\t\t\t<\/div>\n\t\t<div class=\"elementor-element elementor-element-c01da69 e-con-full elementor-hidden-desktop elementor-hidden-laptop elementor-hidden-tablet elementor-hidden-mobile e-flex e-con e-parent\" data-id=\"c01da69\" data-element_type=\"container\" data-settings=\"{&quot;background_background&quot;:&quot;classic&quot;}\">\n\t\t\t\t<\/div>\n\t\t<div class=\"elementor-element elementor-element-c2ab3da e-con-full e-flex e-con e-parent\" data-id=\"c2ab3da\" data-element_type=\"container\">\n\t\t\t\t<div class=\"elementor-element elementor-element-4b2fba8 press-release-page elementor-widget elementor-widget-bdt-post-grid\" data-id=\"4b2fba8\" data-element_type=\"widget\" data-settings=\"{&quot;bdt_link_new_tab&quot;:&quot;yes&quot;}\" data-widget_type=\"bdt-post-grid.bdt-alter\">\n\t\t\t\t<div class=\"elementor-widget-container\">\n\t\t\t\t\t \n\t\t<div id=\"bdt-post-grid-4b2fba8\" class=\"bdt-post-grid bdt-post-grid-skin-alter\">\n\n\t\t\t\t\t\t<div class=\"bdt-post-grid-item bdt-transition-toggle bdt-position-relative bdt-grid bdt-grid-collapse\" data-bdt-grid=\"\">\n\n\t\t\t\t<div class=\"bdt-position-relative bdt-width-auto@s bdt-pg-alter-image\">\n\t\t\t\t\t<div class=\"bdt-post-grid-img-wrap bdt-overflow-hidden\">\n\t\t\t\t<a href=\"https:\/\/www.ledxtechnology.com\/es\/ledx-technology-sets-new-benchmark-in-active-led-manufacturing-featured-by-media4growth\/\" class=\"bdt-transition-scale-up bdt-background-cover bdt-transition-opaque bdt-flex\" title=\"Una nueva instalaci\u00f3n redefinir\u00e1 la fabricaci\u00f3n de pantallas LED activas.\" style=\"background-image: url(https:\/\/www.ledxtechnology.com\/wp-content\/uploads\/2026\/03\/ledx-youtube-thumbnail.webp)\">\n  \t\t\t\t<\/a>\n\t\t\t<\/div>\t\t\t\t\t\t\t<div class=\"bdt-post-grid-category bdt-position-z-index bdt-position-small bdt-position-top-right\">\n\t\t\t<a href=\"https:\/\/www.ledxtechnology.com\/es\/media-coverage-category\/\">Cobertura medi\u00e1tica<\/a>\t\t<\/div>\n\t\t\t\t\t\t<\/div>\n\n\t\t  \t\t<div class=\"bdt-post-grid-desc bdt-width-expand@s bdt-padding bdt-plane\">\n\t\t\t\t\t<h2 class=\"bdt-post-grid-title\">\n\t\t\t\t<a href=\"https:\/\/www.ledxtechnology.com\/es\/ledx-technology-sets-new-benchmark-in-active-led-manufacturing-featured-by-media4growth\/\" class=\"bdt-post-grid-link\" title=\"Una nueva instalaci\u00f3n redefinir\u00e1 la fabricaci\u00f3n de pantallas LED activas.\">\n\t\t\t\t\tUna nueva instalaci\u00f3n redefinir\u00e1 la fabricaci\u00f3n de pantallas LED activas.\n\t\t\t\t<\/a>\n\t\t\t<\/h2>\n\t\t\t\t\t\t\t<div class=\"bdt-post-grid-excerpt\">\n\t\t\t<p><strong>Presentada por Media4Growth<\/strong><br \/>\nLa iniciativa de fabricaci\u00f3n especializada LEDX fue inaugurada en enero de 2026 en Vapi, con una capacidad de producci\u00f3n anual de aproximadamente 50.000 metros cuadrados.<br \/>\n<span class=\"external-link\" style=\"display:none;\"><br \/>\nhttps:\/\/www.media4growth.com\/ooh-industry\/company-news\/new-facility-set-to-redefine-active-led-display-manufacturing-82534<br \/>\n<\/span><\/p>\n\t\t<\/div>\n\n\t\t\t\t\t\t\t\t\t<div>\n\t\t\t<a href=\"https:\/\/www.ledxtechnology.com\/es\/ledx-technology-sets-new-benchmark-in-active-led-manufacturing-featured-by-media4growth\/\"\n\t\t\t\tclass=\"bdt-post-grid-readmore bdt-display-inline-block\">\n\t\t\t\tLeer m\u00e1s\t\n\t\t\t\t\t\t\t<\/a>\n\t\t<\/div>\n\t\t\t\t\t\t\t\n\t\t\t\t\t\t\t\t\t\t\t<div class=\"bdt-post-grid-meta bdt-subnav bdt-flex bdt-flex-middle bdt-margin-small-top bdt-padding-remove-horizontal\">\n\t\t\t\t\t\t\t\t\t\t\t\t\t\t<span class=\"bdt-post-grid-date\">marzo 6, 2026<\/span>\t\t\t\t\t\t\t\t\t\t\t\t\t\t\t\t\t\t\t\t<\/div>\n\t\t\t\t\t\t\t\t\t<\/div>\n\n\t\t\t<\/div>\n\t\t\t  \t\t\t\n\t  \t\t\t\n\t\t\t\t\t\t<div class=\"bdt-post-grid-item bdt-transition-toggle bdt-position-relative bdt-grid bdt-grid-collapse\" data-bdt-grid=\"\">\n\n\t\t\t\t<div class=\"bdt-position-relative bdt-width-auto@s bdt-pg-alter-image\">\n\t\t\t\t\t<div class=\"bdt-post-grid-img-wrap bdt-overflow-hidden\">\n\t\t\t\t<a href=\"https:\/\/www.ledxtechnology.com\/es\/ledx-technology-featured-in-av-icn-expo-magazine-for-advancing-indias-led-manufacturing-ecosystem\/\" class=\"bdt-transition-scale-up bdt-background-cover bdt-transition-opaque bdt-flex\" title=\"Active LED: La primera planta de fabricaci\u00f3n de la India\" style=\"background-image: url(https:\/\/www.ledxtechnology.com\/wp-content\/uploads\/2026\/03\/active-led-ledx.webp)\">\n  \t\t\t\t<\/a>\n\t\t\t<\/div>\t\t\t\t\t\t\t<div class=\"bdt-post-grid-category bdt-position-z-index bdt-position-small bdt-position-top-right\">\n\t\t\t<a href=\"https:\/\/www.ledxtechnology.com\/es\/media-coverage-category\/\">Cobertura medi\u00e1tica<\/a>\t\t<\/div>\n\t\t\t\t\t\t<\/div>\n\n\t\t  \t\t<div class=\"bdt-post-grid-desc bdt-width-expand@s bdt-padding bdt-flex-first@s bdt-alter\">\n\t\t\t\t\t<h2 class=\"bdt-post-grid-title\">\n\t\t\t\t<a href=\"https:\/\/www.ledxtechnology.com\/es\/ledx-technology-featured-in-av-icn-expo-magazine-for-advancing-indias-led-manufacturing-ecosystem\/\" class=\"bdt-post-grid-link\" title=\"Active LED: La primera planta de fabricaci\u00f3n de la India\">\n\t\t\t\t\tActive LED: La primera planta de fabricaci\u00f3n de la India\n\t\t\t\t<\/a>\n\t\t\t<\/h2>\n\t\t\t\t\t\t\t<div class=\"bdt-post-grid-excerpt\">\n\t\t\t<p><strong>Presentada por AV-ICN Expo - Revista INCX<\/strong><br \/>\nEn un paso significativo hacia el fortalecimiento del ecosistema de fabricaci\u00f3n de pantallas LED de la India, se present\u00f3 LEDX Technology, reflejando la visi\u00f3n a largo plazo de mejorar el control de calidad, optimizar las cadenas de suministro y construir una base resiliente de \u00abHecho en la India, para el mundo\u00bb.<br \/>\n<span class=\"external-link\" style=\"display:none;\"><br \/>\nhttps:\/\/av-icnx.com\/uploads\/Innovation-Meets-Manufacturing-Precision-Xtreme-Media-AV-Jan2026-web-a5d88a632f5f642851d6deb26661ba3b.pdf<br \/>\n<\/span><\/p>\n\t\t<\/div>\n\n\t\t\t\t\t\t\t\t\t<div>\n\t\t\t<a href=\"https:\/\/www.ledxtechnology.com\/es\/ledx-technology-featured-in-av-icn-expo-magazine-for-advancing-indias-led-manufacturing-ecosystem\/\"\n\t\t\t\tclass=\"bdt-post-grid-readmore bdt-display-inline-block\">\n\t\t\t\tLeer m\u00e1s\t\n\t\t\t\t\t\t\t<\/a>\n\t\t<\/div>\n\t\t\t\t\t\t\t\n\t\t\t\t\t\t\t\t\t\t\t<div class=\"bdt-post-grid-meta bdt-subnav bdt-flex bdt-flex-middle bdt-margin-small-top bdt-padding-remove-horizontal\">\n\t\t\t\t\t\t\t\t\t\t\t\t\t\t<span class=\"bdt-post-grid-date\">marzo 2, 2026<\/span>\t\t\t\t\t\t\t\t\t\t\t\t\t\t\t\t\t\t\t\t<\/div>\n\t\t\t\t\t\t\t\t\t<\/div>\n\n\t\t\t<\/div>\n\t\t\t  \t\t\t\n\t  \t\t\t\n\t\t\t\t\t\t<div class=\"bdt-post-grid-item bdt-transition-toggle bdt-position-relative bdt-grid bdt-grid-collapse\" data-bdt-grid=\"\">\n\n\t\t\t\t<div class=\"bdt-position-relative bdt-width-auto@s bdt-pg-alter-image\">\n\t\t\t\t\t<div class=\"bdt-post-grid-img-wrap bdt-overflow-hidden\">\n\t\t\t\t<a href=\"https:\/\/www.ledxtechnology.com\/es\/ledx-technologies-launches-indias-only-fully-automated-active-led-manufacturing-facility\/\" class=\"bdt-transition-scale-up bdt-background-cover bdt-transition-opaque bdt-flex\" title=\"LEDX Technology inaugura la primera planta de fabricaci\u00f3n de pantallas LED activas totalmente automatizada de la India.\" style=\"background-image: url(https:\/\/www.ledxtechnology.com\/wp-content\/uploads\/2026\/03\/india-first-fully-automated-active-led-display-manufacturing-facility.webp)\">\n  \t\t\t\t<\/a>\n\t\t\t<\/div>\t\t\t\t\t\t\t<div class=\"bdt-post-grid-category bdt-position-z-index bdt-position-small bdt-position-top-right\">\n\t\t\t<a href=\"https:\/\/www.ledxtechnology.com\/es\/media-coverage-category\/\">Cobertura medi\u00e1tica<\/a>\t\t<\/div>\n\t\t\t\t\t\t<\/div>\n\n\t\t  \t\t<div class=\"bdt-post-grid-desc bdt-width-expand@s bdt-padding bdt-plane\">\n\t\t\t\t\t<h2 class=\"bdt-post-grid-title\">\n\t\t\t\t<a href=\"https:\/\/www.ledxtechnology.com\/es\/ledx-technologies-launches-indias-only-fully-automated-active-led-manufacturing-facility\/\" class=\"bdt-post-grid-link\" title=\"LEDX Technology inaugura la primera planta de fabricaci\u00f3n de pantallas LED activas totalmente automatizada de la India.\">\n\t\t\t\t\tLEDX Technology inaugura la primera planta de fabricaci\u00f3n de pantallas LED activas totalmente automatizada de la India.\n\t\t\t\t<\/a>\n\t\t\t<\/h2>\n\t\t\t\t\t\t\t<div class=\"bdt-post-grid-excerpt\">\n\t\t\t<p><strong>Presentada por AV Today<\/strong><br \/>\nMarcando un hito significativo para el sector de fabricaci\u00f3n de productos electr\u00f3nicos de la India, LEDX Technologies ha establecido un nuevo referente en la fabricaci\u00f3n de pantallas LED activas con el lanzamiento, el pasado 9 de enero, de sus instalaciones de \u00faltima generaci\u00f3n, totalmente automatizadas.<br \/>\n<span class=\"external-link\" style=\"display:none;\"><br \/>\nhttps:\/\/avtodaymag.com\/india-first-fully-automated-active-led-display-manufacturing-facility\/<br \/>\n<\/span><\/p>\n\t\t<\/div>\n\n\t\t\t\t\t\t\t\t\t<div>\n\t\t\t<a href=\"https:\/\/www.ledxtechnology.com\/es\/ledx-technologies-launches-indias-only-fully-automated-active-led-manufacturing-facility\/\"\n\t\t\t\tclass=\"bdt-post-grid-readmore bdt-display-inline-block\">\n\t\t\t\tLeer m\u00e1s\t\n\t\t\t\t\t\t\t<\/a>\n\t\t<\/div>\n\t\t\t\t\t\t\t\n\t\t\t\t\t\t\t\t\t\t\t<div class=\"bdt-post-grid-meta bdt-subnav bdt-flex bdt-flex-middle bdt-margin-small-top bdt-padding-remove-horizontal\">\n\t\t\t\t\t\t\t\t\t\t\t\t\t\t<span class=\"bdt-post-grid-date\">enero 21, 2026<\/span>\t\t\t\t\t\t\t\t\t\t\t\t\t\t\t\t\t\t\t\t<\/div>\n\t\t\t\t\t\t\t\t\t<\/div>\n\n\t\t\t<\/div>\n\t\t\t  \t\t\t\n\t  \t\t\t\n\t\t\t\t\t\t<div class=\"bdt-post-grid-item bdt-transition-toggle bdt-position-relative bdt-grid bdt-grid-collapse\" data-bdt-grid=\"\">\n\n\t\t\t\t<div class=\"bdt-position-relative bdt-width-auto@s bdt-pg-alter-image\">\n\t\t\t\t\t<div class=\"bdt-post-grid-img-wrap bdt-overflow-hidden\">\n\t\t\t\t<a href=\"https:\/\/www.ledxtechnology.com\/es\/ledx-technology-launches-indias-first-fully-automated-active-led-display-manufacturing-facility\/\" class=\"bdt-transition-scale-up bdt-background-cover bdt-transition-opaque bdt-flex\" title=\"LEDX Technologies inaugura la \u00fanica planta de fabricaci\u00f3n de LED activos totalmente automatizada de la India.\" style=\"background-image: url(https:\/\/www.ledxtechnology.com\/wp-content\/uploads\/2026\/03\/ledx-factory-launch.webp)\">\n  \t\t\t\t<\/a>\n\t\t\t<\/div>\t\t\t\t\t\t\t<div class=\"bdt-post-grid-category bdt-position-z-index bdt-position-small bdt-position-top-right\">\n\t\t\t<a href=\"https:\/\/www.ledxtechnology.com\/es\/media-coverage-category\/\">Cobertura medi\u00e1tica<\/a>\t\t<\/div>\n\t\t\t\t\t\t<\/div>\n\n\t\t  \t\t<div class=\"bdt-post-grid-desc bdt-width-expand@s bdt-padding bdt-flex-first@s bdt-alter\">\n\t\t\t\t\t<h2 class=\"bdt-post-grid-title\">\n\t\t\t\t<a href=\"https:\/\/www.ledxtechnology.com\/es\/ledx-technology-launches-indias-first-fully-automated-active-led-display-manufacturing-facility\/\" class=\"bdt-post-grid-link\" title=\"LEDX Technologies inaugura la \u00fanica planta de fabricaci\u00f3n de LED activos totalmente automatizada de la India.\">\n\t\t\t\t\tLEDX Technologies inaugura la \u00fanica planta de fabricaci\u00f3n de LED activos totalmente automatizada de la India.\n\t\t\t\t<\/a>\n\t\t\t<\/h2>\n\t\t\t\t\t\t\t<div class=\"bdt-post-grid-excerpt\">\n\t\t\t<p><strong>Presentada por Media4Growth<\/strong><br \/>\nCon una extensi\u00f3n de 100.000 pies cuadrados en Vapi, la instalaci\u00f3n de LEDX es una planta de fabricaci\u00f3n totalmente automatizada y construida a medida en la India, dise\u00f1ada espec\u00edficamente en torno a la maquinaria, los procesos y el flujo de materiales.<br \/>\n<span class=\"external-link\" style=\"display:none;\"><br \/>\nhttps:\/\/www.media4growth.com\/dooh\/digital-display\/xtreme-media-sets-new-benchmark-with-ledx-technologies-its-latest-active-led-manufacturing-facility-81767<br \/>\n<\/span><\/p>\n\t\t<\/div>\n\n\t\t\t\t\t\t\t\t\t<div>\n\t\t\t<a href=\"https:\/\/www.ledxtechnology.com\/es\/ledx-technology-launches-indias-first-fully-automated-active-led-display-manufacturing-facility\/\"\n\t\t\t\tclass=\"bdt-post-grid-readmore bdt-display-inline-block\">\n\t\t\t\tLeer m\u00e1s\t\n\t\t\t\t\t\t\t<\/a>\n\t\t<\/div>\n\t\t\t\t\t\t\t\n\t\t\t\t\t\t\t\t\t\t\t<div class=\"bdt-post-grid-meta bdt-subnav bdt-flex bdt-flex-middle bdt-margin-small-top bdt-padding-remove-horizontal\">\n\t\t\t\t\t\t\t\t\t\t\t\t\t\t<span class=\"bdt-post-grid-date\">enero 9, 2026<\/span>\t\t\t\t\t\t\t\t\t\t\t\t\t\t\t\t\t\t\t\t<\/div>\n\t\t\t\t\t\t\t\t\t<\/div>\n\n\t\t\t<\/div>\n\t\t\t  \t\t\t\n\t  \t\t\t\n\t\t\t\t\t<\/div>\t\n \t\t\t\t\t<div class=\"ep-pagination\">\n\t\t\t\t\t\t\t<\/div>\n\t\t\t\t\t\t\t<\/div>\n\t\t\t\t<\/div>\n\t\t\t\t<\/div>\n\t\t<div class=\"elementor-element elementor-element-bb8d39c e-con-full e-flex elementor-invisible e-con e-parent\" data-id=\"bb8d39c\" data-element_type=\"container\" data-settings=\"{&quot;background_background&quot;:&quot;classic&quot;,&quot;animation&quot;:&quot;fadeIn&quot;}\">\n\t\t\t\t<\/div>\n\t\t\t\t<\/div>","protected":false},"excerpt":{"rendered":"<p>PRESS &amp; MEDIA Media Coverage New Facility Set to Redefine Active LED Display Manufacturing Featured by Media4Growth The dedicated manufacturing initiative LEDX was inaugurated in January 2026 in Vapi with an annual production capacity of approximately 50,000 square metres. https:\/\/www.media4growth.com\/ooh-industry\/company-news\/new-facility-set-to-redefine-active-led-display-manufacturing-82534 Read More March 6, 2026 Media Coverage Active LED: India\u2019s First Manufacturing Facility Featured by [&hellip;]<\/p>","protected":false},"author":1,"featured_media":6950,"parent":0,"menu_order":0,"comment_status":"closed","ping_status":"closed","template":"","meta":{"_acf_changed":false,"footnotes":""},"class_list":["post-6826","page","type-page","status-publish","has-post-thumbnail","hentry"],"acf":[],"_links":{"self":[{"href":"https:\/\/www.ledxtechnology.com\/es\/wp-json\/wp\/v2\/pages\/6826","targetHints":{"allow":["GET"]}}],"collection":[{"href":"https:\/\/www.ledxtechnology.com\/es\/wp-json\/wp\/v2\/pages"}],"about":[{"href":"https:\/\/www.ledxtechnology.com\/es\/wp-json\/wp\/v2\/types\/page"}],"author":[{"embeddable":true,"href":"https:\/\/www.ledxtechnology.com\/es\/wp-json\/wp\/v2\/users\/1"}],"replies":[{"embeddable":true,"href":"https:\/\/www.ledxtechnology.com\/es\/wp-json\/wp\/v2\/comments?post=6826"}],"version-history":[{"count":214,"href":"https:\/\/www.ledxtechnology.com\/es\/wp-json\/wp\/v2\/pages\/6826\/revisions"}],"predecessor-version":[{"id":7155,"href":"https:\/\/www.ledxtechnology.com\/es\/wp-json\/wp\/v2\/pages\/6826\/revisions\/7155"}],"wp:featuredmedia":[{"embeddable":true,"href":"https:\/\/www.ledxtechnology.com\/es\/wp-json\/wp\/v2\/media\/6950"}],"wp:attachment":[{"href":"https:\/\/www.ledxtechnology.com\/es\/wp-json\/wp\/v2\/media?parent=6826"}],"curies":[{"name":"wp","href":"https:\/\/api.w.org\/{rel}","templated":true}]}}