{"id":6826,"date":"2026-03-17T14:26:55","date_gmt":"2026-03-17T08:56:55","guid":{"rendered":"https:\/\/www.ledxtechnology.com\/?page_id=6826"},"modified":"2026-03-23T12:41:31","modified_gmt":"2026-03-23T07:11:31","slug":"press-releases","status":"publish","type":"page","link":"https:\/\/www.ledxtechnology.com\/de\/press-releases\/","title":{"rendered":"Press Releases"},"content":{"rendered":"<div data-elementor-type=\"wp-page\" data-elementor-id=\"6826\" class=\"elementor elementor-6826\" data-elementor-settings=\"{&quot;element_pack_global_tooltip_width&quot;:{&quot;unit&quot;:&quot;px&quot;,&quot;size&quot;:&quot;&quot;,&quot;sizes&quot;:[]},&quot;element_pack_global_tooltip_width_laptop&quot;:{&quot;unit&quot;:&quot;px&quot;,&quot;size&quot;:&quot;&quot;,&quot;sizes&quot;:[]},&quot;element_pack_global_tooltip_width_tablet&quot;:{&quot;unit&quot;:&quot;px&quot;,&quot;size&quot;:&quot;&quot;,&quot;sizes&quot;:[]},&quot;element_pack_global_tooltip_width_mobile&quot;:{&quot;unit&quot;:&quot;px&quot;,&quot;size&quot;:&quot;&quot;,&quot;sizes&quot;:[]},&quot;element_pack_global_tooltip_padding&quot;:{&quot;unit&quot;:&quot;px&quot;,&quot;top&quot;:&quot;&quot;,&quot;right&quot;:&quot;&quot;,&quot;bottom&quot;:&quot;&quot;,&quot;left&quot;:&quot;&quot;,&quot;isLinked&quot;:true},&quot;element_pack_global_tooltip_padding_laptop&quot;:{&quot;unit&quot;:&quot;px&quot;,&quot;top&quot;:&quot;&quot;,&quot;right&quot;:&quot;&quot;,&quot;bottom&quot;:&quot;&quot;,&quot;left&quot;:&quot;&quot;,&quot;isLinked&quot;:true},&quot;element_pack_global_tooltip_padding_tablet&quot;:{&quot;unit&quot;:&quot;px&quot;,&quot;top&quot;:&quot;&quot;,&quot;right&quot;:&quot;&quot;,&quot;bottom&quot;:&quot;&quot;,&quot;left&quot;:&quot;&quot;,&quot;isLinked&quot;:true},&quot;element_pack_global_tooltip_padding_mobile&quot;:{&quot;unit&quot;:&quot;px&quot;,&quot;top&quot;:&quot;&quot;,&quot;right&quot;:&quot;&quot;,&quot;bottom&quot;:&quot;&quot;,&quot;left&quot;:&quot;&quot;,&quot;isLinked&quot;:true},&quot;element_pack_global_tooltip_border_radius&quot;:{&quot;unit&quot;:&quot;px&quot;,&quot;top&quot;:&quot;&quot;,&quot;right&quot;:&quot;&quot;,&quot;bottom&quot;:&quot;&quot;,&quot;left&quot;:&quot;&quot;,&quot;isLinked&quot;:true},&quot;element_pack_global_tooltip_border_radius_laptop&quot;:{&quot;unit&quot;:&quot;px&quot;,&quot;top&quot;:&quot;&quot;,&quot;right&quot;:&quot;&quot;,&quot;bottom&quot;:&quot;&quot;,&quot;left&quot;:&quot;&quot;,&quot;isLinked&quot;:true},&quot;element_pack_global_tooltip_border_radius_tablet&quot;:{&quot;unit&quot;:&quot;px&quot;,&quot;top&quot;:&quot;&quot;,&quot;right&quot;:&quot;&quot;,&quot;bottom&quot;:&quot;&quot;,&quot;left&quot;:&quot;&quot;,&quot;isLinked&quot;:true},&quot;element_pack_global_tooltip_border_radius_mobile&quot;:{&quot;unit&quot;:&quot;px&quot;,&quot;top&quot;:&quot;&quot;,&quot;right&quot;:&quot;&quot;,&quot;bottom&quot;:&quot;&quot;,&quot;left&quot;:&quot;&quot;,&quot;isLinked&quot;:true}}\" data-elementor-post-type=\"page\">\n\t\t\t\t<div class=\"elementor-element elementor-element-9febfd6 e-con-full e-flex e-con e-parent\" data-id=\"9febfd6\" data-element_type=\"container\">\n\t\t\t\t<div class=\"elementor-element elementor-element-b8f8b12 elementor-invisible elementor-widget elementor-widget-heading\" data-id=\"b8f8b12\" data-element_type=\"widget\" data-settings=\"{&quot;_animation&quot;:&quot;fadeInUp&quot;}\" data-widget_type=\"heading.default\">\n\t\t\t\t<div class=\"elementor-widget-container\">\n\t\t\t\t\t<h1 class=\"elementor-heading-title elementor-size-default\">Presse &amp; Medien <\/h1>\t\t\t\t<\/div>\n\t\t\t\t<\/div>\n\t\t\t\t<\/div>\n\t\t<div class=\"elementor-element elementor-element-c01da69 e-con-full elementor-hidden-desktop elementor-hidden-laptop elementor-hidden-tablet elementor-hidden-mobile e-flex e-con e-parent\" data-id=\"c01da69\" data-element_type=\"container\" data-settings=\"{&quot;background_background&quot;:&quot;classic&quot;}\">\n\t\t\t\t<\/div>\n\t\t<div class=\"elementor-element elementor-element-c2ab3da e-con-full e-flex e-con e-parent\" data-id=\"c2ab3da\" data-element_type=\"container\">\n\t\t\t\t<div class=\"elementor-element elementor-element-4b2fba8 press-release-page elementor-widget elementor-widget-bdt-post-grid\" data-id=\"4b2fba8\" data-element_type=\"widget\" data-settings=\"{&quot;bdt_link_new_tab&quot;:&quot;yes&quot;}\" data-widget_type=\"bdt-post-grid.bdt-alter\">\n\t\t\t\t<div class=\"elementor-widget-container\">\n\t\t\t\t\t \n\t\t<div id=\"bdt-post-grid-4b2fba8\" class=\"bdt-post-grid bdt-post-grid-skin-alter\">\n\n\t\t\t\t\t\t<div class=\"bdt-post-grid-item bdt-transition-toggle bdt-position-relative bdt-grid bdt-grid-collapse\" data-bdt-grid=\"\">\n\n\t\t\t\t<div class=\"bdt-position-relative bdt-width-auto@s bdt-pg-alter-image\">\n\t\t\t\t\t<div class=\"bdt-post-grid-img-wrap bdt-overflow-hidden\">\n\t\t\t\t<a href=\"https:\/\/www.ledxtechnology.com\/de\/ledx-technology-sets-new-benchmark-in-active-led-manufacturing-featured-by-media4growth\/\" class=\"bdt-transition-scale-up bdt-background-cover bdt-transition-opaque bdt-flex\" title=\"Neue Anlage soll die Fertigung aktiver LED-Displays neu definieren.\" style=\"background-image: url(https:\/\/www.ledxtechnology.com\/wp-content\/uploads\/2026\/03\/ledx-youtube-thumbnail.webp)\">\n  \t\t\t\t<\/a>\n\t\t\t<\/div>\t\t\t\t\t\t\t<div class=\"bdt-post-grid-category bdt-position-z-index bdt-position-small bdt-position-top-right\">\n\t\t\t<a href=\"https:\/\/www.ledxtechnology.com\/de\/media-coverage-category\/\">Medienberichterstattung<\/a>\t\t<\/div>\n\t\t\t\t\t\t<\/div>\n\n\t\t  \t\t<div class=\"bdt-post-grid-desc bdt-width-expand@s bdt-padding bdt-plane\">\n\t\t\t\t\t<h2 class=\"bdt-post-grid-title\">\n\t\t\t\t<a href=\"https:\/\/www.ledxtechnology.com\/de\/ledx-technology-sets-new-benchmark-in-active-led-manufacturing-featured-by-media4growth\/\" class=\"bdt-post-grid-link\" title=\"Neue Anlage soll die Fertigung aktiver LED-Displays neu definieren.\">\n\t\t\t\t\tNeue Anlage soll die Fertigung aktiver LED-Displays neu definieren.\n\t\t\t\t<\/a>\n\t\t\t<\/h2>\n\t\t\t\t\t\t\t<div class=\"bdt-post-grid-excerpt\">\n\t\t\t<p><strong>Vorgestellt von Media4Growth<\/strong><br \/>\nDie auf die Fertigung spezialisierte Initiative LEDX wurde im Januar 2026 in Vapi mit einer j\u00e4hrlichen Produktionskapazit\u00e4t von rund 50.000 Quadratmetern eingeweiht.<br \/>\n<span class=\"external-link\" style=\"display:none;\"><br \/>\nhttps:\/\/www.media4growth.com\/ooh-industry\/company-news\/new-facility-set-to-redefine-active-led-display-manufacturing-82534<br \/>\n<\/span><\/p>\n\t\t<\/div>\n\n\t\t\t\t\t\t\t\t\t<div>\n\t\t\t<a href=\"https:\/\/www.ledxtechnology.com\/de\/ledx-technology-sets-new-benchmark-in-active-led-manufacturing-featured-by-media4growth\/\"\n\t\t\t\tclass=\"bdt-post-grid-readmore bdt-display-inline-block\">\n\t\t\t\tMehr lesen\t\n\t\t\t\t\t\t\t<\/a>\n\t\t<\/div>\n\t\t\t\t\t\t\t\n\t\t\t\t\t\t\t\t\t\t\t<div class=\"bdt-post-grid-meta bdt-subnav bdt-flex bdt-flex-middle bdt-margin-small-top bdt-padding-remove-horizontal\">\n\t\t\t\t\t\t\t\t\t\t\t\t\t\t<span class=\"bdt-post-grid-date\">M\u00e4rz 6, 2026<\/span>\t\t\t\t\t\t\t\t\t\t\t\t\t\t\t\t\t\t\t\t<\/div>\n\t\t\t\t\t\t\t\t\t<\/div>\n\n\t\t\t<\/div>\n\t\t\t  \t\t\t\n\t  \t\t\t\n\t\t\t\t\t\t<div class=\"bdt-post-grid-item bdt-transition-toggle bdt-position-relative bdt-grid bdt-grid-collapse\" data-bdt-grid=\"\">\n\n\t\t\t\t<div class=\"bdt-position-relative bdt-width-auto@s bdt-pg-alter-image\">\n\t\t\t\t\t<div class=\"bdt-post-grid-img-wrap bdt-overflow-hidden\">\n\t\t\t\t<a href=\"https:\/\/www.ledxtechnology.com\/de\/ledx-technology-featured-in-av-icn-expo-magazine-for-advancing-indias-led-manufacturing-ecosystem\/\" class=\"bdt-transition-scale-up bdt-background-cover bdt-transition-opaque bdt-flex\" title=\"Active LED: Indiens erste Produktionsst\u00e4tte\" style=\"background-image: url(https:\/\/www.ledxtechnology.com\/wp-content\/uploads\/2026\/03\/active-led-ledx.webp)\">\n  \t\t\t\t<\/a>\n\t\t\t<\/div>\t\t\t\t\t\t\t<div class=\"bdt-post-grid-category bdt-position-z-index bdt-position-small bdt-position-top-right\">\n\t\t\t<a href=\"https:\/\/www.ledxtechnology.com\/de\/media-coverage-category\/\">Medienberichterstattung<\/a>\t\t<\/div>\n\t\t\t\t\t\t<\/div>\n\n\t\t  \t\t<div class=\"bdt-post-grid-desc bdt-width-expand@s bdt-padding bdt-flex-first@s bdt-alter\">\n\t\t\t\t\t<h2 class=\"bdt-post-grid-title\">\n\t\t\t\t<a href=\"https:\/\/www.ledxtechnology.com\/de\/ledx-technology-featured-in-av-icn-expo-magazine-for-advancing-indias-led-manufacturing-ecosystem\/\" class=\"bdt-post-grid-link\" title=\"Active LED: Indiens erste Produktionsst\u00e4tte\">\n\t\t\t\t\tActive LED: Indiens erste Produktionsst\u00e4tte\n\t\t\t\t<\/a>\n\t\t\t<\/h2>\n\t\t\t\t\t\t\t<div class=\"bdt-post-grid-excerpt\">\n\t\t\t<p><strong>Vorgestellt von der AV-ICN Expo \u2013 INCX Magazine<\/strong><br \/>\nAls bedeutender Schritt zur St\u00e4rkung des indischen \u00d6kosystems f\u00fcr die Herstellung von LED-Displays wurde LEDX Technology eingef\u00fchrt \u2013 ein Vorhaben, das die langfristige Vision widerspiegelt, die Qualit\u00e4tskontrolle zu optimieren, Lieferketten zu straffen und ein widerstandsf\u00e4higes Fundament nach dem Motto \u201eMake in India \u2013 for the World\u201c zu errichten.<br \/>\n<span class=\"external-link\" style=\"display:none;\"><br \/>\nhttps:\/\/av-icnx.com\/uploads\/Innovation-Meets-Manufacturing-Precision-Xtreme-Media-AV-Jan2026-web-a5d88a632f5f642851d6deb26661ba3b.pdf<br \/>\n<\/span><\/p>\n\t\t<\/div>\n\n\t\t\t\t\t\t\t\t\t<div>\n\t\t\t<a href=\"https:\/\/www.ledxtechnology.com\/de\/ledx-technology-featured-in-av-icn-expo-magazine-for-advancing-indias-led-manufacturing-ecosystem\/\"\n\t\t\t\tclass=\"bdt-post-grid-readmore bdt-display-inline-block\">\n\t\t\t\tMehr lesen\t\n\t\t\t\t\t\t\t<\/a>\n\t\t<\/div>\n\t\t\t\t\t\t\t\n\t\t\t\t\t\t\t\t\t\t\t<div class=\"bdt-post-grid-meta bdt-subnav bdt-flex bdt-flex-middle bdt-margin-small-top bdt-padding-remove-horizontal\">\n\t\t\t\t\t\t\t\t\t\t\t\t\t\t<span class=\"bdt-post-grid-date\">M\u00e4rz 2, 2026<\/span>\t\t\t\t\t\t\t\t\t\t\t\t\t\t\t\t\t\t\t\t<\/div>\n\t\t\t\t\t\t\t\t\t<\/div>\n\n\t\t\t<\/div>\n\t\t\t  \t\t\t\n\t  \t\t\t\n\t\t\t\t\t\t<div class=\"bdt-post-grid-item bdt-transition-toggle bdt-position-relative bdt-grid bdt-grid-collapse\" data-bdt-grid=\"\">\n\n\t\t\t\t<div class=\"bdt-position-relative bdt-width-auto@s bdt-pg-alter-image\">\n\t\t\t\t\t<div class=\"bdt-post-grid-img-wrap bdt-overflow-hidden\">\n\t\t\t\t<a href=\"https:\/\/www.ledxtechnology.com\/de\/ledx-technologies-launches-indias-only-fully-automated-active-led-manufacturing-facility\/\" class=\"bdt-transition-scale-up bdt-background-cover bdt-transition-opaque bdt-flex\" title=\"LEDX Technology nimmt Indiens erste vollautomatisierte Fertigungsanlage f\u00fcr aktive LED-Displays in Betrieb.\" style=\"background-image: url(https:\/\/www.ledxtechnology.com\/wp-content\/uploads\/2026\/03\/india-first-fully-automated-active-led-display-manufacturing-facility.webp)\">\n  \t\t\t\t<\/a>\n\t\t\t<\/div>\t\t\t\t\t\t\t<div class=\"bdt-post-grid-category bdt-position-z-index bdt-position-small bdt-position-top-right\">\n\t\t\t<a href=\"https:\/\/www.ledxtechnology.com\/de\/media-coverage-category\/\">Medienberichterstattung<\/a>\t\t<\/div>\n\t\t\t\t\t\t<\/div>\n\n\t\t  \t\t<div class=\"bdt-post-grid-desc bdt-width-expand@s bdt-padding bdt-plane\">\n\t\t\t\t\t<h2 class=\"bdt-post-grid-title\">\n\t\t\t\t<a href=\"https:\/\/www.ledxtechnology.com\/de\/ledx-technologies-launches-indias-only-fully-automated-active-led-manufacturing-facility\/\" class=\"bdt-post-grid-link\" title=\"LEDX Technology nimmt Indiens erste vollautomatisierte Fertigungsanlage f\u00fcr aktive LED-Displays in Betrieb.\">\n\t\t\t\t\tLEDX Technology nimmt Indiens erste vollautomatisierte Fertigungsanlage f\u00fcr aktive LED-Displays in Betrieb.\n\t\t\t\t<\/a>\n\t\t\t<\/h2>\n\t\t\t\t\t\t\t<div class=\"bdt-post-grid-excerpt\">\n\t\t\t<p><strong>Vorgestellt von AV Today<\/strong><br \/>\nMit der Er\u00f6ffnung seiner vollautomatisierten, hochmodernen Fertigungsanlage am 9. Januar hat LEDX Technologies einen bedeutenden Meilenstein f\u00fcr Indiens Elektronikfertigungssektor gesetzt und einen neuen Ma\u00dfstab in der Herstellung aktiver LED-Displays etabliert.<br \/>\n<span class=\"external-link\" style=\"display:none;\"><br \/>\nhttps:\/\/avtodaymag.com\/india-first-fully-automated-active-led-display-manufacturing-facility\/<br \/>\n<\/span><\/p>\n\t\t<\/div>\n\n\t\t\t\t\t\t\t\t\t<div>\n\t\t\t<a href=\"https:\/\/www.ledxtechnology.com\/de\/ledx-technologies-launches-indias-only-fully-automated-active-led-manufacturing-facility\/\"\n\t\t\t\tclass=\"bdt-post-grid-readmore bdt-display-inline-block\">\n\t\t\t\tMehr lesen\t\n\t\t\t\t\t\t\t<\/a>\n\t\t<\/div>\n\t\t\t\t\t\t\t\n\t\t\t\t\t\t\t\t\t\t\t<div class=\"bdt-post-grid-meta bdt-subnav bdt-flex bdt-flex-middle bdt-margin-small-top bdt-padding-remove-horizontal\">\n\t\t\t\t\t\t\t\t\t\t\t\t\t\t<span class=\"bdt-post-grid-date\">Januar 21, 2026<\/span>\t\t\t\t\t\t\t\t\t\t\t\t\t\t\t\t\t\t\t\t<\/div>\n\t\t\t\t\t\t\t\t\t<\/div>\n\n\t\t\t<\/div>\n\t\t\t  \t\t\t\n\t  \t\t\t\n\t\t\t\t\t\t<div class=\"bdt-post-grid-item bdt-transition-toggle bdt-position-relative bdt-grid bdt-grid-collapse\" data-bdt-grid=\"\">\n\n\t\t\t\t<div class=\"bdt-position-relative bdt-width-auto@s bdt-pg-alter-image\">\n\t\t\t\t\t<div class=\"bdt-post-grid-img-wrap bdt-overflow-hidden\">\n\t\t\t\t<a href=\"https:\/\/www.ledxtechnology.com\/de\/ledx-technology-launches-indias-first-fully-automated-active-led-display-manufacturing-facility\/\" class=\"bdt-transition-scale-up bdt-background-cover bdt-transition-opaque bdt-flex\" title=\"LEDX Technologies nimmt Indiens einzige vollautomatisierte Fertigungsanlage f\u00fcr aktive LEDs in Betrieb.\" style=\"background-image: url(https:\/\/www.ledxtechnology.com\/wp-content\/uploads\/2026\/03\/ledx-factory-launch.webp)\">\n  \t\t\t\t<\/a>\n\t\t\t<\/div>\t\t\t\t\t\t\t<div class=\"bdt-post-grid-category bdt-position-z-index bdt-position-small bdt-position-top-right\">\n\t\t\t<a href=\"https:\/\/www.ledxtechnology.com\/de\/media-coverage-category\/\">Medienberichterstattung<\/a>\t\t<\/div>\n\t\t\t\t\t\t<\/div>\n\n\t\t  \t\t<div class=\"bdt-post-grid-desc bdt-width-expand@s bdt-padding bdt-flex-first@s bdt-alter\">\n\t\t\t\t\t<h2 class=\"bdt-post-grid-title\">\n\t\t\t\t<a href=\"https:\/\/www.ledxtechnology.com\/de\/ledx-technology-launches-indias-first-fully-automated-active-led-display-manufacturing-facility\/\" class=\"bdt-post-grid-link\" title=\"LEDX Technologies nimmt Indiens einzige vollautomatisierte Fertigungsanlage f\u00fcr aktive LEDs in Betrieb.\">\n\t\t\t\t\tLEDX Technologies nimmt Indiens einzige vollautomatisierte Fertigungsanlage f\u00fcr aktive LEDs in Betrieb.\n\t\t\t\t<\/a>\n\t\t\t<\/h2>\n\t\t\t\t\t\t\t<div class=\"bdt-post-grid-excerpt\">\n\t\t\t<p><strong>Vorgestellt von Media4Growth<\/strong><br \/>\nDie LEDX-Anlage in Vapi erstreckt sich \u00fcber eine Fl\u00e4che von 100.000 Quadratfu\u00df und ist eine ma\u00dfgeschneiderte, vollautomatisierte Fertigungsst\u00e4tte in Indien, die speziell auf Maschinen, Prozesse und Materialfluss ausgelegt wurde.<br \/>\n<span class=\"external-link\" style=\"display:none;\"><br \/>\nhttps:\/\/www.media4growth.com\/dooh\/digital-display\/xtreme-media-sets-new-benchmark-with-ledx-technologies-its-latest-active-led-manufacturing-facility-81767<br \/>\n<\/span><\/p>\n\t\t<\/div>\n\n\t\t\t\t\t\t\t\t\t<div>\n\t\t\t<a href=\"https:\/\/www.ledxtechnology.com\/de\/ledx-technology-launches-indias-first-fully-automated-active-led-display-manufacturing-facility\/\"\n\t\t\t\tclass=\"bdt-post-grid-readmore bdt-display-inline-block\">\n\t\t\t\tMehr lesen\t\n\t\t\t\t\t\t\t<\/a>\n\t\t<\/div>\n\t\t\t\t\t\t\t\n\t\t\t\t\t\t\t\t\t\t\t<div class=\"bdt-post-grid-meta bdt-subnav bdt-flex bdt-flex-middle bdt-margin-small-top bdt-padding-remove-horizontal\">\n\t\t\t\t\t\t\t\t\t\t\t\t\t\t<span class=\"bdt-post-grid-date\">Januar 9, 2026<\/span>\t\t\t\t\t\t\t\t\t\t\t\t\t\t\t\t\t\t\t\t<\/div>\n\t\t\t\t\t\t\t\t\t<\/div>\n\n\t\t\t<\/div>\n\t\t\t  \t\t\t\n\t  \t\t\t\n\t\t\t\t\t<\/div>\t\n \t\t\t\t\t<div class=\"ep-pagination\">\n\t\t\t\t\t\t\t<\/div>\n\t\t\t\t\t\t\t<\/div>\n\t\t\t\t<\/div>\n\t\t\t\t<\/div>\n\t\t<div class=\"elementor-element elementor-element-bb8d39c e-con-full e-flex elementor-invisible e-con e-parent\" data-id=\"bb8d39c\" data-element_type=\"container\" data-settings=\"{&quot;background_background&quot;:&quot;classic&quot;,&quot;animation&quot;:&quot;fadeIn&quot;}\">\n\t\t\t\t<\/div>\n\t\t\t\t<\/div>","protected":false},"excerpt":{"rendered":"<p>PRESS &amp; MEDIA Media Coverage New Facility Set to Redefine Active LED Display Manufacturing Featured by Media4Growth The dedicated manufacturing initiative LEDX was inaugurated in January 2026 in Vapi with an annual production capacity of approximately 50,000 square metres. https:\/\/www.media4growth.com\/ooh-industry\/company-news\/new-facility-set-to-redefine-active-led-display-manufacturing-82534 Read More March 6, 2026 Media Coverage Active LED: India\u2019s First Manufacturing Facility Featured by [&hellip;]<\/p>","protected":false},"author":1,"featured_media":6950,"parent":0,"menu_order":0,"comment_status":"closed","ping_status":"closed","template":"","meta":{"_acf_changed":false,"footnotes":""},"class_list":["post-6826","page","type-page","status-publish","has-post-thumbnail","hentry"],"acf":[],"_links":{"self":[{"href":"https:\/\/www.ledxtechnology.com\/de\/wp-json\/wp\/v2\/pages\/6826","targetHints":{"allow":["GET"]}}],"collection":[{"href":"https:\/\/www.ledxtechnology.com\/de\/wp-json\/wp\/v2\/pages"}],"about":[{"href":"https:\/\/www.ledxtechnology.com\/de\/wp-json\/wp\/v2\/types\/page"}],"author":[{"embeddable":true,"href":"https:\/\/www.ledxtechnology.com\/de\/wp-json\/wp\/v2\/users\/1"}],"replies":[{"embeddable":true,"href":"https:\/\/www.ledxtechnology.com\/de\/wp-json\/wp\/v2\/comments?post=6826"}],"version-history":[{"count":214,"href":"https:\/\/www.ledxtechnology.com\/de\/wp-json\/wp\/v2\/pages\/6826\/revisions"}],"predecessor-version":[{"id":7155,"href":"https:\/\/www.ledxtechnology.com\/de\/wp-json\/wp\/v2\/pages\/6826\/revisions\/7155"}],"wp:featuredmedia":[{"embeddable":true,"href":"https:\/\/www.ledxtechnology.com\/de\/wp-json\/wp\/v2\/media\/6950"}],"wp:attachment":[{"href":"https:\/\/www.ledxtechnology.com\/de\/wp-json\/wp\/v2\/media?parent=6826"}],"curies":[{"name":"wp","href":"https:\/\/api.w.org\/{rel}","templated":true}]}}